{"id":1760,"date":"2025-04-24T18:03:37","date_gmt":"2025-04-24T18:03:37","guid":{"rendered":"https:\/\/rohiips.com\/?page_id=1760"},"modified":"2026-04-07T21:37:32","modified_gmt":"2026-04-07T21:37:32","slug":"normativa","status":"publish","type":"page","link":"https:\/\/rohiips.com\/index.php\/normativa\/","title":{"rendered":"Normativa"},"content":{"rendered":"\t\t<div data-elementor-type=\"wp-page\" data-elementor-id=\"1760\" class=\"elementor elementor-1760\" data-elementor-post-type=\"page\">\n\t\t\t\t\t\t<section class=\"elementor-section elementor-top-section elementor-element elementor-element-edbe7f7 elementor-section-boxed elementor-section-height-default elementor-section-height-default\" data-id=\"edbe7f7\" data-element_type=\"section\" data-e-type=\"section\">\n\t\t\t\t\t\t<div class=\"elementor-container elementor-column-gap-default\">\n\t\t\t\t\t<div class=\"elementor-column elementor-col-100 elementor-top-column elementor-element elementor-element-d651c35\" data-id=\"d651c35\" data-element_type=\"column\" data-e-type=\"column\">\n\t\t\t<div class=\"elementor-widget-wrap elementor-element-populated\">\n\t\t\t\t\t\t<div class=\"elementor-element elementor-element-90ae0de elementor-widget elementor-widget-html\" data-id=\"90ae0de\" data-element_type=\"widget\" data-e-type=\"widget\" data-widget_type=\"html.default\">\n\t\t\t\t<div class=\"elementor-widget-container\">\n\t\t\t\t\t<!DOCTYPE html>\r\n<html lang=\"es\">\r\n<head>\r\n    <meta charset=\"UTF-8\">\r\n    <meta name=\"viewport\" content=\"width=device-width, initial-scale=1.0, user-scalable=yes\">\r\n    <title>ROHI IPS - Personal Trabajadores<\/title>\r\n    <style>\r\n        \/* Estilos generales *\/\r\n        * {\r\n            margin: 0;\r\n            padding: 0;\r\n            box-sizing: border-box;\r\n        }\r\n\r\n        body {\r\n            font-family: 'Segoe UI', Tahoma, Geneva, Verdana, sans-serif;\r\n            overflow-x: hidden;\r\n        }\r\n\r\n        .page-container {\r\n            min-height: 100vh;\r\n            position: relative;\r\n            display: flex;\r\n            align-items: center;\r\n            justify-content: center;\r\n            padding: 20px;\r\n            font-family: 'Segoe UI', Tahoma, Geneva, Verdana, sans-serif;\r\n        }\r\n\r\n        \/* Capa de overlay m\u00e1s oscura *\/\r\n        .overlay {\r\n            position: absolute;\r\n            top: 0;\r\n            left: 0;\r\n            right: 0;\r\n            bottom: 0;\r\n            background: rgba(0, 0, 0, 0.75);\r\n            z-index: 1;\r\n        }\r\n\r\n        \/* Contenido principal *\/\r\n        .content {\r\n            position: relative;\r\n            z-index: 2;\r\n            max-width: 1400px;\r\n            width: 100%;\r\n            text-align: center;\r\n            color: white;\r\n            padding: 40px 20px;\r\n        }\r\n\r\n        \/* Estilo del t\u00edtulo - BLANCO Y AMARILLO S\u00d3LIDO *\/\r\n        .title {\r\n            font-size: 4.2rem;\r\n            font-weight: 900;\r\n            margin-bottom: 30px;\r\n            line-height: 1.3;\r\n            letter-spacing: 3px;\r\n            text-transform: uppercase;\r\n            background-color: rgba(0, 0, 0, 0.6);\r\n            padding: 30px 40px;\r\n            border-radius: 20px;\r\n            display: inline-block;\r\n            width: auto;\r\n            max-width: 90%;\r\n            box-shadow: 0 10px 30px rgba(0,0,0,0.7);\r\n            border: 3px solid #FFD700;\r\n        }\r\n\r\n        \/* PERSONAL TRABAJADORES en BLANCO *\/\r\n        .title .line1 {\r\n            display: block;\r\n            color: #FFFFFF;\r\n            text-shadow: 4px 4px 0 #000000;\r\n            font-size: 4.2rem;\r\n            font-weight: 900;\r\n        }\r\n\r\n        \/* ROHI IPS en AMARILLO *\/\r\n        .title .line2 {\r\n            display: block;\r\n            color: #FFD700;\r\n            text-shadow: 4px 4px 0 #000000;\r\n            font-size: 3rem;\r\n            font-weight: 700;\r\n            margin-top: 15px;\r\n            border-top: 3px solid #FFD700;\r\n            border-bottom: 3px solid #FFD700;\r\n            padding: 15px 0;\r\n            display: inline-block;\r\n            width: 100%;\r\n            letter-spacing: 4px;\r\n        }\r\n\r\n        \/* Contenedor de botones *\/\r\n        .buttons-container {\r\n            display: flex;\r\n            flex-wrap: wrap;\r\n            justify-content: center;\r\n            gap: 20px;\r\n            margin-top: 50px;\r\n        }\r\n\r\n        \/* Estilo base de los botones *\/\r\n        .btn {\r\n            position: relative;\r\n            padding: 18px 35px;\r\n            border: none;\r\n            border-radius: 60px;\r\n            font-size: 1.1rem;\r\n            font-weight: 700;\r\n            color: white;\r\n            cursor: pointer;\r\n            transition: all 0.3s ease;\r\n            text-decoration: none;\r\n            display: inline-flex;\r\n            align-items: center;\r\n            justify-content: center;\r\n            min-width: 260px;\r\n            text-transform: uppercase;\r\n            letter-spacing: 1.5px;\r\n            overflow: hidden;\r\n            box-shadow: 0 6px 20px rgba(0,0,0,0.4);\r\n            border: 2px solid rgba(255,255,255,0.3);\r\n            text-align: center;\r\n            line-height: 1.3;\r\n        }\r\n\r\n        \/* Colores espec\u00edficos para cada bot\u00f3n *\/\r\n        .btn-reglamento {\r\n            background: #1976D2;\r\n            border-bottom: 4px solid #0D47A1;\r\n        }\r\n\r\n        .btn-acoso {\r\n            background: #d32f2f;\r\n            border-bottom: 4px solid #b71c1c;\r\n        }\r\n\r\n        .btn-convivencia {\r\n            background: #388E3C;\r\n            border-bottom: 4px solid #1B5E20;\r\n        }\r\n\r\n        .btn-politica-tecnologica {\r\n            background: #7B1FA2;\r\n            border-bottom: 4px solid #4A0072;\r\n        }\r\n\r\n        .btn-diversidad-inclusion {\r\n            background: #FF6F00;\r\n            border-bottom: 4px solid #C43E00;\r\n        }\r\n\r\n        .btn-desconexion-laboral {\r\n            background: #00ACC1;\r\n            border-bottom: 4px solid #006064;\r\n        }\r\n\r\n        .btn-sanciones-disciplinarias {\r\n            background: #1976D2;\r\n            border-bottom: 4px solid #0D47A1;\r\n        }\r\n\r\n        \/* Bot\u00f3n FARMACOVIGILANCIA *\/\r\n        .btn-farmacovigilancia {\r\n            background: #E91E63;\r\n            border-bottom: 4px solid #880E4F;\r\n        }\r\n\r\n        \/* Efectos hover *\/\r\n        .btn:hover {\r\n            transform: translateY(-5px) scale(1.02);\r\n            box-shadow: 0 10px 30px rgba(0,0,0,0.5);\r\n            filter: brightness(1.1);\r\n        }\r\n\r\n        .btn:active {\r\n            transform: translateY(0) scale(0.98);\r\n        }\r\n\r\n        \/* Animaci\u00f3n del t\u00edtulo *\/\r\n        @keyframes fadeInDown {\r\n            from {\r\n                opacity: 0;\r\n                transform: translateY(-30px);\r\n            }\r\n            to {\r\n                opacity: 1;\r\n                transform: translateY(0);\r\n            }\r\n        }\r\n\r\n        .title {\r\n            animation: fadeInDown 1s ease;\r\n        }\r\n\r\n        \/* Animaci\u00f3n de los botones al aparecer *\/\r\n        @keyframes fadeInUp {\r\n            from {\r\n                opacity: 0;\r\n                transform: translateY(30px);\r\n            }\r\n            to {\r\n                opacity: 1;\r\n                transform: translateY(0);\r\n            }\r\n        }\r\n\r\n        .btn {\r\n            animation: fadeInUp 0.6s ease forwards;\r\n            opacity: 0;\r\n        }\r\n\r\n        \/* Retrasos en la animaci\u00f3n de cada bot\u00f3n *\/\r\n        .btn:nth-child(1) { animation-delay: 0.1s; }\r\n        .btn:nth-child(2) { animation-delay: 0.2s; }\r\n        .btn:nth-child(3) { animation-delay: 0.3s; }\r\n        .btn:nth-child(4) { animation-delay: 0.4s; }\r\n        .btn:nth-child(5) { animation-delay: 0.5s; }\r\n        .btn:nth-child(6) { animation-delay: 0.6s; }\r\n        .btn:nth-child(7) { animation-delay: 0.7s; }\r\n        .btn:nth-child(8) { animation-delay: 0.8s; }\r\n\r\n        \/* Dise\u00f1o responsive *\/\r\n        @media (max-width: 1024px) {\r\n            .btn {\r\n                min-width: 240px;\r\n                padding: 16px 25px;\r\n                font-size: 0.95rem;\r\n            }\r\n        }\r\n\r\n        @media (max-width: 768px) {\r\n            .title {\r\n                font-size: 3rem;\r\n                padding: 20px 25px;\r\n            }\r\n            \r\n            .title .line1 {\r\n                font-size: 3rem;\r\n            }\r\n            \r\n            .title .line2 {\r\n                font-size: 2.2rem;\r\n            }\r\n            \r\n            .btn {\r\n                min-width: 220px;\r\n                padding: 14px 20px;\r\n                font-size: 0.9rem;\r\n            }\r\n            \r\n            .buttons-container {\r\n                gap: 12px;\r\n            }\r\n        }\r\n\r\n        @media (max-width: 580px) {\r\n            .title {\r\n                font-size: 2.3rem;\r\n                padding: 15px 20px;\r\n            }\r\n            \r\n            .title .line1 {\r\n                font-size: 2.3rem;\r\n            }\r\n            \r\n            .title .line2 {\r\n                font-size: 1.8rem;\r\n                padding: 10px 0;\r\n                letter-spacing: 2px;\r\n            }\r\n            \r\n            .btn {\r\n                width: 100%;\r\n                min-width: auto;\r\n                padding: 12px 18px;\r\n                font-size: 0.85rem;\r\n            }\r\n            \r\n            .buttons-container {\r\n                gap: 10px;\r\n            }\r\n        }\r\n\r\n        \/* Part\u00edculas decorativas *\/\r\n        .particles {\r\n            position: absolute;\r\n            top: 0;\r\n            left: 0;\r\n            width: 100%;\r\n            height: 100%;\r\n            z-index: 0;\r\n            pointer-events: none;\r\n        }\r\n\r\n        .particle {\r\n            position: absolute;\r\n            background: rgba(255,255,255,0.15);\r\n            border-radius: 50%;\r\n            pointer-events: none;\r\n            animation: float 6s ease-in-out infinite;\r\n        }\r\n\r\n        @keyframes float {\r\n            0%, 100% {\r\n                transform: translateY(0) translateX(0);\r\n            }\r\n            25% {\r\n                transform: translateY(-15px) translateX(8px);\r\n            }\r\n            50% {\r\n                transform: translateY(-25px) translateX(15px);\r\n            }\r\n            75% {\r\n                transform: translateY(-10px) translateX(5px);\r\n            }\r\n        }\r\n\r\n        \/* Estilo para la barra de desplazamiento *\/\r\n        ::-webkit-scrollbar {\r\n            width: 10px;\r\n        }\r\n\r\n        ::-webkit-scrollbar-track {\r\n            background: #1a1a1a;\r\n        }\r\n\r\n        ::-webkit-scrollbar-thumb {\r\n            background: #FFD700;\r\n            border-radius: 5px;\r\n        }\r\n\r\n        ::-webkit-scrollbar-thumb:hover {\r\n            background: #ffed4a;\r\n        }\r\n    <\/style>\r\n<\/head>\r\n<body>\r\n    <div class=\"page-container\">\r\n        <!-- Imagen de fondo de ROHI IPS -->\r\n        <div class=\"overlay\" style=\"background: url('https:\/\/rohiips.com\/wp-content\/uploads\/2024\/07\/Banner-Rohi-IPS-3-scaled.jpg') center\/cover no-repeat fixed;\"><\/div>\r\n        \r\n        <!-- Contenido principal -->\r\n        <div class=\"content\">\r\n            <h1 class=\"title\">\r\n                <span class=\"line1\">PERSONAL<br>TRABAJADORES<\/span>\r\n                <span class=\"line2\">ROHI IPS<\/span>\r\n            <\/h1>\r\n            \r\n            <div class=\"buttons-container\">\r\n                <a href=\"https:\/\/drive.google.com\/file\/d\/1LdIic2ds42M14GRO1wpImgF4SIThzQMw\/view?usp=drive_link\" \r\n                   class=\"btn btn-reglamento\" \r\n                   target=\"_blank\" \r\n                   rel=\"noopener noreferrer\">\r\n                    REGLAMENTO INTERNO\r\n                <\/a>\r\n                \r\n                <a href=\"https:\/\/drive.google.com\/file\/d\/13sp34Yp6UjzWj93_1v-FjWK2DuZ-158U\/view?usp=drive_link\" \r\n                   class=\"btn btn-acoso\" \r\n                   target=\"_blank\" \r\n                   rel=\"noopener noreferrer\">\r\n                    ACOSO SEXUAL\r\n                <\/a>\r\n                \r\n                <a href=\"https:\/\/drive.google.com\/file\/d\/11TxgJtVxuPMLmIfkOcvlu-eDI_W80eDM\/view?usp=drive_link\" \r\n                   class=\"btn btn-convivencia\" \r\n                   target=\"_blank\" \r\n                   rel=\"noopener noreferrer\">\r\n                    ACOSO LABORAL\r\n                <\/a>\r\n                \r\n                <a href=\"https:\/\/drive.google.com\/file\/d\/1l2oibV2nmOEKP5_KmT61KXkUfi-k_ODe\/view?usp=drive_link\" \r\n                   class=\"btn btn-politica-tecnologica\" \r\n                   target=\"_blank\" \r\n                   rel=\"noopener noreferrer\">\r\n                    POL\u00cdTICA DE APLICATIVOS TECNOL\u00d3GICOS\r\n                <\/a>\r\n                \r\n                <a href=\"https:\/\/drive.google.com\/file\/d\/1A2DzM0q7JFwBKfVn0P_FPiu7pAj9Fblc\/view?usp=drive_link\" \r\n                   class=\"btn btn-diversidad-inclusion\" \r\n                   target=\"_blank\" \r\n                   rel=\"noopener noreferrer\">\r\n                    POL\u00cdTICA DIVERSIDAD E INCLUSI\u00d3N\r\n                <\/a>\r\n                \r\n                <a href=\"https:\/\/drive.google.com\/file\/d\/1LwZooFYVl8zErVB4n7f-iXm5SSc1SkgW\/view?usp=drive_link\" \r\n                   class=\"btn btn-desconexion-laboral\" \r\n                   target=\"_blank\" \r\n                   rel=\"noopener noreferrer\">\r\n                    PROTOCOLO DESCONEXI\u00d3N LABORAL\r\n                <\/a>\r\n                \r\n                <a href=\"https:\/\/drive.google.com\/file\/d\/1jjZ_QgMaxp0qzjhhpNpuEz2K6b-DaMLg\/view?usp=drive_link\" \r\n                   class=\"btn btn-sanciones-disciplinarias\" \r\n                   target=\"_blank\" \r\n                   rel=\"noopener noreferrer\">\r\n                    PROCEDIMIENTO PARA IMPOSICI\u00d3N DE SANCIONES DISCIPLINARIAS\r\n                <\/a>\r\n\r\n                <!-- Bot\u00f3n de FARMACOVIGILANCIA -->\r\n                <a href=\"https:\/\/drive.google.com\/drive\/folders\/1ZCV5W_Pn2SEi7FuZx_nle72FtDmBa2Cw\" \r\n                   class=\"btn btn-farmacovigilancia\" \r\n                   target=\"_blank\" \r\n                   rel=\"noopener noreferrer\">\r\n                    FARMACOVIGILANCIA\r\n                <\/a>\r\n            <\/div>\r\n        <\/div>\r\n        \r\n        <div class=\"particles\"><\/div>\r\n    <\/div>\r\n\r\n    <script>\r\n        function createParticles() {\r\n            const particlesContainer = document.querySelector('.particles');\r\n            if (!particlesContainer) return;\r\n            \r\n            particlesContainer.innerHTML = '';\r\n            \r\n            \/\/ Crear 30 part\u00edculas para m\u00e1s efecto visual\r\n            for (let i = 0; i < 30; i++) {\r\n                const particle = document.createElement('div');\r\n                particle.classList.add('particle');\r\n                \r\n                const size = Math.random() * 12 + 2;\r\n                particle.style.width = size + 'px';\r\n                particle.style.height = size + 'px';\r\n                particle.style.left = Math.random() * 100 + '%';\r\n                particle.style.top = Math.random() * 100 + '%';\r\n                particle.style.animationDelay = Math.random() * 8 + 's';\r\n                particle.style.animationDuration = Math.random() * 6 + 4 + 's';\r\n                particle.style.opacity = Math.random() * 0.5 + 0.1;\r\n                \r\n                particlesContainer.appendChild(particle);\r\n            }\r\n        }\r\n        \r\n        \/\/ Crear part\u00edculas al cargar la p\u00e1gina\r\n        document.addEventListener('DOMContentLoaded', createParticles);\r\n        \r\n        \/\/ Regenerar part\u00edculas al redimensionar la ventana\r\n        window.addEventListener('resize', createParticles);\r\n        \r\n        \/\/ Efecto adicional: cambiar opacidad de part\u00edculas con el scroll\r\n        window.addEventListener('scroll', function() {\r\n            const particles = document.querySelectorAll('.particle');\r\n            const scrollPosition = window.scrollY;\r\n            const maxScroll = document.body.scrollHeight - window.innerHeight;\r\n            const scrollPercent = scrollPosition \/ maxScroll;\r\n            \r\n            particles.forEach((particle, index) => {\r\n                const newOpacity = 0.1 + (scrollPercent * 0.3);\r\n                particle.style.opacity = Math.min(newOpacity, 0.5);\r\n            });\r\n        });\r\n    <\/script>\r\n<\/body>\r\n<\/html>\t\t\t\t<\/div>\n\t\t\t\t<\/div>\n\t\t\t\t\t<\/div>\n\t\t<\/div>\n\t\t\t\t\t<\/div>\n\t\t<\/section>\n\t\t\t\t<\/div>\n\t\t","protected":false},"excerpt":{"rendered":"<p>ROHI IPS &#8211; Personal Trabajadores PERSONALTRABAJADORES ROHI IPS REGLAMENTO INTERNO ACOSO SEXUAL ACOSO LABORAL POL\u00cdTICA DE APLICATIVOS TECNOL\u00d3GICOS POL\u00cdTICA DIVERSIDAD [&hellip;]<\/p>\n","protected":false},"author":2,"featured_media":0,"parent":0,"menu_order":0,"comment_status":"closed","ping_status":"closed","template":"","meta":{"content-type":"","site-sidebar-layout":"no-sidebar","site-content-layout":"","ast-site-content-layout":"full-width-container","site-content-style":"default","site-sidebar-style":"default","ast-global-header-display":"","ast-banner-title-visibility":"","ast-main-header-display":"","ast-hfb-above-header-display":"","ast-hfb-below-header-display":"","ast-hfb-mobile-header-display":"","site-post-title":"disabled","ast-breadcrumbs-content":"","ast-featured-img":"disabled","footer-sml-layout":"","theme-transparent-header-meta":"","adv-header-id-meta":"","stick-header-meta":"","header-above-stick-meta":"","header-main-stick-meta":"","header-below-stick-meta":"","astra-migrate-meta-layouts":"default","ast-page-background-enabled":"default","ast-page-background-meta":{"desktop":{"background-color":"var(--ast-global-color-4)","background-image":"","background-repeat":"repeat","background-position":"center center","background-size":"auto","background-attachment":"scroll","background-type":"","background-media":"","overlay-type":"","overlay-color":"","overlay-opacity":"","overlay-gradient":""},"tablet":{"background-color":"","background-image":"","background-repeat":"repeat","background-position":"center center","background-size":"auto","background-attachment":"scroll","background-type":"","background-media":"","overlay-type":"","overlay-color":"","overlay-opacity":"","overlay-gradient":""},"mobile":{"background-color":"","background-image":"","background-repeat":"repeat","background-position":"center center","background-size":"auto","background-attachment":"scroll","background-type":"","background-media":"","overlay-type":"","overlay-color":"","overlay-opacity":"","overlay-gradient":""}},"ast-content-background-meta":{"desktop":{"background-color":"var(--ast-global-color-5)","background-image":"","background-repeat":"repeat","background-position":"center center","background-size":"auto","background-attachment":"scroll","background-type":"","background-media":"","overlay-type":"","overlay-color":"","overlay-opacity":"","overlay-gradient":""},"tablet":{"background-color":"var(--ast-global-color-5)","background-image":"","background-repeat":"repeat","background-position":"center center","background-size":"auto","background-attachment":"scroll","background-type":"","background-media":"","overlay-type":"","overlay-color":"","overlay-opacity":"","overlay-gradient":""},"mobile":{"background-color":"var(--ast-global-color-5)","background-image":"","background-repeat":"repeat","background-position":"center center","background-size":"auto","background-attachment":"scroll","background-type":"","background-media":"","overlay-type":"","overlay-color":"","overlay-opacity":"","overlay-gradient":""}},"footnotes":""},"class_list":["post-1760","page","type-page","status-publish","hentry"],"yoast_head":"<!-- This site is optimized with the Yoast SEO plugin v23.2 - https:\/\/yoast.com\/wordpress\/plugins\/seo\/ -->\n<title>Normativa - ROHI IPS SAS<\/title>\n<meta name=\"robots\" content=\"index, follow, max-snippet:-1, max-image-preview:large, max-video-preview:-1\" \/>\n<link rel=\"canonical\" href=\"https:\/\/rohiips.com\/index.php\/normativa\/\" \/>\n<meta property=\"og:locale\" content=\"es_ES\" \/>\n<meta property=\"og:type\" content=\"article\" \/>\n<meta property=\"og:title\" content=\"Normativa - ROHI IPS SAS\" \/>\n<meta property=\"og:description\" content=\"ROHI IPS &#8211; Personal Trabajadores PERSONALTRABAJADORES ROHI IPS REGLAMENTO INTERNO ACOSO SEXUAL ACOSO LABORAL POL\u00cdTICA DE APLICATIVOS TECNOL\u00d3GICOS POL\u00cdTICA DIVERSIDAD [&hellip;]\" \/>\n<meta property=\"og:url\" content=\"https:\/\/rohiips.com\/index.php\/normativa\/\" \/>\n<meta property=\"og:site_name\" content=\"ROHI IPS SAS\" \/>\n<meta property=\"article:modified_time\" content=\"2026-04-07T21:37:32+00:00\" \/>\n<meta name=\"twitter:card\" content=\"summary_large_image\" \/>\n<meta name=\"twitter:label1\" content=\"Tiempo de lectura\" \/>\n\t<meta name=\"twitter:data1\" content=\"1 minuto\" \/>\n<script type=\"application\/ld+json\" class=\"yoast-schema-graph\">{\"@context\":\"https:\/\/schema.org\",\"@graph\":[{\"@type\":\"WebPage\",\"@id\":\"https:\/\/rohiips.com\/index.php\/normativa\/\",\"url\":\"https:\/\/rohiips.com\/index.php\/normativa\/\",\"name\":\"Normativa - ROHI IPS SAS\",\"isPartOf\":{\"@id\":\"https:\/\/rohiips.com\/#website\"},\"datePublished\":\"2025-04-24T18:03:37+00:00\",\"dateModified\":\"2026-04-07T21:37:32+00:00\",\"breadcrumb\":{\"@id\":\"https:\/\/rohiips.com\/index.php\/normativa\/#breadcrumb\"},\"inLanguage\":\"es\",\"potentialAction\":[{\"@type\":\"ReadAction\",\"target\":[\"https:\/\/rohiips.com\/index.php\/normativa\/\"]}]},{\"@type\":\"BreadcrumbList\",\"@id\":\"https:\/\/rohiips.com\/index.php\/normativa\/#breadcrumb\",\"itemListElement\":[{\"@type\":\"ListItem\",\"position\":1,\"name\":\"Portada\",\"item\":\"https:\/\/rohiips.com\/\"},{\"@type\":\"ListItem\",\"position\":2,\"name\":\"Normativa\"}]},{\"@type\":\"WebSite\",\"@id\":\"https:\/\/rohiips.com\/#website\",\"url\":\"https:\/\/rohiips.com\/\",\"name\":\"ROHI IPS SAS\",\"description\":\"\",\"publisher\":{\"@id\":\"https:\/\/rohiips.com\/#organization\"},\"potentialAction\":[{\"@type\":\"SearchAction\",\"target\":{\"@type\":\"EntryPoint\",\"urlTemplate\":\"https:\/\/rohiips.com\/?s={search_term_string}\"},\"query-input\":\"required name=search_term_string\"}],\"inLanguage\":\"es\"},{\"@type\":\"Organization\",\"@id\":\"https:\/\/rohiips.com\/#organization\",\"name\":\"ROHI IPS SAS\",\"url\":\"https:\/\/rohiips.com\/\",\"logo\":{\"@type\":\"ImageObject\",\"inLanguage\":\"es\",\"@id\":\"https:\/\/rohiips.com\/#\/schema\/logo\/image\/\",\"url\":\"https:\/\/rohiips.com\/wp-content\/uploads\/2021\/10\/Logo.png\",\"contentUrl\":\"https:\/\/rohiips.com\/wp-content\/uploads\/2021\/10\/Logo.png\",\"width\":614,\"height\":287,\"caption\":\"ROHI IPS SAS\"},\"image\":{\"@id\":\"https:\/\/rohiips.com\/#\/schema\/logo\/image\/\"}}]}<\/script>\n<!-- \/ Yoast SEO plugin. -->","yoast_head_json":{"title":"Normativa - ROHI IPS SAS","robots":{"index":"index","follow":"follow","max-snippet":"max-snippet:-1","max-image-preview":"max-image-preview:large","max-video-preview":"max-video-preview:-1"},"canonical":"https:\/\/rohiips.com\/index.php\/normativa\/","og_locale":"es_ES","og_type":"article","og_title":"Normativa - ROHI IPS SAS","og_description":"ROHI IPS &#8211; Personal Trabajadores PERSONALTRABAJADORES ROHI IPS REGLAMENTO INTERNO ACOSO SEXUAL ACOSO LABORAL POL\u00cdTICA DE APLICATIVOS TECNOL\u00d3GICOS POL\u00cdTICA DIVERSIDAD [&hellip;]","og_url":"https:\/\/rohiips.com\/index.php\/normativa\/","og_site_name":"ROHI IPS SAS","article_modified_time":"2026-04-07T21:37:32+00:00","twitter_card":"summary_large_image","twitter_misc":{"Tiempo de lectura":"1 minuto"},"schema":{"@context":"https:\/\/schema.org","@graph":[{"@type":"WebPage","@id":"https:\/\/rohiips.com\/index.php\/normativa\/","url":"https:\/\/rohiips.com\/index.php\/normativa\/","name":"Normativa - ROHI IPS SAS","isPartOf":{"@id":"https:\/\/rohiips.com\/#website"},"datePublished":"2025-04-24T18:03:37+00:00","dateModified":"2026-04-07T21:37:32+00:00","breadcrumb":{"@id":"https:\/\/rohiips.com\/index.php\/normativa\/#breadcrumb"},"inLanguage":"es","potentialAction":[{"@type":"ReadAction","target":["https:\/\/rohiips.com\/index.php\/normativa\/"]}]},{"@type":"BreadcrumbList","@id":"https:\/\/rohiips.com\/index.php\/normativa\/#breadcrumb","itemListElement":[{"@type":"ListItem","position":1,"name":"Portada","item":"https:\/\/rohiips.com\/"},{"@type":"ListItem","position":2,"name":"Normativa"}]},{"@type":"WebSite","@id":"https:\/\/rohiips.com\/#website","url":"https:\/\/rohiips.com\/","name":"ROHI IPS SAS","description":"","publisher":{"@id":"https:\/\/rohiips.com\/#organization"},"potentialAction":[{"@type":"SearchAction","target":{"@type":"EntryPoint","urlTemplate":"https:\/\/rohiips.com\/?s={search_term_string}"},"query-input":"required name=search_term_string"}],"inLanguage":"es"},{"@type":"Organization","@id":"https:\/\/rohiips.com\/#organization","name":"ROHI IPS SAS","url":"https:\/\/rohiips.com\/","logo":{"@type":"ImageObject","inLanguage":"es","@id":"https:\/\/rohiips.com\/#\/schema\/logo\/image\/","url":"https:\/\/rohiips.com\/wp-content\/uploads\/2021\/10\/Logo.png","contentUrl":"https:\/\/rohiips.com\/wp-content\/uploads\/2021\/10\/Logo.png","width":614,"height":287,"caption":"ROHI IPS SAS"},"image":{"@id":"https:\/\/rohiips.com\/#\/schema\/logo\/image\/"}}]}},"_links":{"self":[{"href":"https:\/\/rohiips.com\/index.php\/wp-json\/wp\/v2\/pages\/1760","targetHints":{"allow":["GET"]}}],"collection":[{"href":"https:\/\/rohiips.com\/index.php\/wp-json\/wp\/v2\/pages"}],"about":[{"href":"https:\/\/rohiips.com\/index.php\/wp-json\/wp\/v2\/types\/page"}],"author":[{"embeddable":true,"href":"https:\/\/rohiips.com\/index.php\/wp-json\/wp\/v2\/users\/2"}],"replies":[{"embeddable":true,"href":"https:\/\/rohiips.com\/index.php\/wp-json\/wp\/v2\/comments?post=1760"}],"version-history":[{"count":37,"href":"https:\/\/rohiips.com\/index.php\/wp-json\/wp\/v2\/pages\/1760\/revisions"}],"predecessor-version":[{"id":2173,"href":"https:\/\/rohiips.com\/index.php\/wp-json\/wp\/v2\/pages\/1760\/revisions\/2173"}],"wp:attachment":[{"href":"https:\/\/rohiips.com\/index.php\/wp-json\/wp\/v2\/media?parent=1760"}],"curies":[{"name":"wp","href":"https:\/\/api.w.org\/{rel}","templated":true}]}}